{"id":2,"date":"2023-11-06T01:50:32","date_gmt":"2023-11-06T01:50:32","guid":{"rendered":"https:\/\/anomada.com.br\/?page_id=2"},"modified":"2023-11-11T18:59:23","modified_gmt":"2023-11-11T18:59:23","slug":"pagina-exemplo","status":"publish","type":"page","link":"https:\/\/anomada.com.br\/index.php\/inicio\/pagina-exemplo\/","title":{"rendered":"Sobre n\u00f3s"},"content":{"rendered":"\n<p>Somos um lugar de experi\u00eancias, onde queremos que se deixe ficar. Trazemos um pouco de cada lugar onde j\u00e1 estivemos e cada pessoa deixa um pouco de si aqui. <\/p>\n\n\n\n<p>A energia vibrante do espa\u00e7o \u00e9 da soma de todas as partes. De si, de mim, de n\u00f3s. De quem j\u00e1 veio, de quem ainda est\u00e1 para vir, de quem entrou e saiu, de quem saiu e voltou. Todos. <\/p>\n\n\n\n<blockquote class=\"wp-block-quote\">\n<p>Estamos num lugar onde a magia acontece. Onde a natureza predomina. Onde a vida \u00e9 calma. Pacata. Agitada s\u00f3 no ver\u00e3o, quando tudo acontece. <\/p>\n<\/blockquote>\n\n\n\n<p>&#8230; ou algo como isto:<\/p>\n\n\n\n<blockquote class=\"wp-block-quote\">\n<p>A Gambozinos XPTO foi fundada em 1971 e tem, desde ent\u00e3o, fornecido gambuzinos da mais alta qualidade aos seus clientes. Localizada em Gotham, a Gambozinos XPTO emprega mais de 2 000 colaboradores, e \u00e9 um dos pilares da comunidade.<\/p>\n<\/blockquote>\n\n\n\n<p>Como novo utilizador do WordPress, deveria ir ao <a href=\"https:\/\/anomada.com.br\/wp-admin\/\">seu painel<\/a> para eliminar esta p\u00e1gina e criar novas p\u00e1ginas do seu pr\u00f3prio conte\u00fado. Divirta-se!<\/p>\n","protected":false},"excerpt":{"rendered":"<p>Somos um lugar de experi\u00eancias, onde queremos que se deixe ficar. Trazemos um pouco de cada lugar onde j\u00e1 estivemos e cada pessoa deixa um pouco de si aqui. A energia vibrante do espa\u00e7o \u00e9 da soma de todas as partes. De si, de mim, de n\u00f3s. De quem j\u00e1 veio, de quem ainda est\u00e1 &hellip; <\/p>\n<p class=\"link-more\"><a href=\"https:\/\/anomada.com.br\/index.php\/inicio\/pagina-exemplo\/\" class=\"more-link\">Continue reading<span class=\"screen-reader-text\"> &#8220;Sobre n\u00f3s&#8221;<\/span><\/a><\/p>\n","protected":false},"author":1,"featured_media":0,"parent":10,"menu_order":1,"comment_status":"closed","ping_status":"open","template":"","meta":{"footnotes":""},"_links":{"self":[{"href":"https:\/\/anomada.com.br\/index.php\/wp-json\/wp\/v2\/pages\/2"}],"collection":[{"href":"https:\/\/anomada.com.br\/index.php\/wp-json\/wp\/v2\/pages"}],"about":[{"href":"https:\/\/anomada.com.br\/index.php\/wp-json\/wp\/v2\/types\/page"}],"author":[{"embeddable":true,"href":"https:\/\/anomada.com.br\/index.php\/wp-json\/wp\/v2\/users\/1"}],"replies":[{"embeddable":true,"href":"https:\/\/anomada.com.br\/index.php\/wp-json\/wp\/v2\/comments?post=2"}],"version-history":[{"count":3,"href":"https:\/\/anomada.com.br\/index.php\/wp-json\/wp\/v2\/pages\/2\/revisions"}],"predecessor-version":[{"id":108,"href":"https:\/\/anomada.com.br\/index.php\/wp-json\/wp\/v2\/pages\/2\/revisions\/108"}],"up":[{"embeddable":true,"href":"https:\/\/anomada.com.br\/index.php\/wp-json\/wp\/v2\/pages\/10"}],"wp:attachment":[{"href":"https:\/\/anomada.com.br\/index.php\/wp-json\/wp\/v2\/media?parent=2"}],"curies":[{"name":"wp","href":"https:\/\/api.w.org\/{rel}","templated":true}]}}